{"id":32,"date":"2023-01-09T12:00:49","date_gmt":"2023-01-09T12:00:49","guid":{"rendered":"https:\/\/factum-omibu.es\/jych\/?page_id=32"},"modified":"2023-01-13T12:19:35","modified_gmt":"2023-01-13T12:19:35","slug":"servicios","status":"publish","type":"page","link":"https:\/\/jych.es\/en\/servicios\/","title":{"rendered":"Services"},"content":{"rendered":"<h1>\n\t\tOUR SERVICES\n\t<\/h1>\n\t<p>JYCH has mediated 90% of the expansion projects for luxury brands in Puerto Ban\u00fas. Thanks to our professionalism and discretion, we have earned the trust of the market to continue developing future openings in this luxury location<\/p>\n\t\t\t\t<img loading=\"lazy\" decoding=\"async\" src=\"https:\/\/jych.es\/wp-content\/uploads\/2023\/01\/dfghMask-group.jpg\" alt=\"dfghMask group\" itemprop=\"image\" height=\"839\" width=\"1920\" title=\"dfghMask group\" onerror=\"this.style.display='none'\"  \/>\n\t\t\t\t<img loading=\"lazy\" decoding=\"async\" src=\"https:\/\/jych.es\/wp-content\/uploads\/2023\/01\/zcvgroup.jpg\" alt=\"zcvgroup\" itemprop=\"image\" height=\"792\" width=\"658\" title=\"zcvgroup\" onerror=\"this.style.display='none'\"  \/>\n<h2>\n\t\tSALE\n\t<\/h2>\n\t<p>JYCH offers advice on the sale of commercial spaces and luxury homes in Puerto Ban\u00fas \/ Marbella.<\/p>\n\t\t\t<a href=\"https:\/\/jych.es\/en\/contacto\/\" target=\"_self\" role=\"button\" rel=\"noopener\">\n\t\t\t\t\t\t\tI want to know more\n\t\t\t\t\t<\/a>\n<h2>\n\t\tRENT\n\t<\/h2>\n\t<p>JYCH offers advice on the leasing of commercial premises in Puerto Ban\u00fas for luxury brands and highly prestigious gastronomic groups.<\/p>\n\t\t\t<a href=\"https:\/\/jych.es\/en\/contacto\/\" target=\"_self\" role=\"button\" rel=\"noopener\">\n\t\t\t\t\t\t\tI want to know more\n\t\t\t\t\t<\/a>\n\t\t\t\t<img loading=\"lazy\" decoding=\"async\" src=\"https:\/\/jych.es\/wp-content\/uploads\/2023\/01\/Maroup.jpg\" alt=\"Maroup\" itemprop=\"image\" height=\"792\" width=\"662\" title=\"Maroup\" onerror=\"this.style.display='none'\"  \/>\n\t\t\t\t<img loading=\"lazy\" decoding=\"async\" src=\"https:\/\/jych.es\/wp-content\/uploads\/2023\/01\/Mask-gup.jpg\" alt=\"Mask gup\" itemprop=\"image\" height=\"792\" width=\"658\" title=\"Mask gup\" onerror=\"this.style.display='none'\"  \/>\n<h2>\n\t\tINVESTMENTS\n\t<\/h2>\n\t<p>JYCH has a wide portfolio of clients, high-level investors who opt for the advice offered due to the professionalism and confidentiality that each of these procedures require.<\/p>\n\t\t\t<a href=\"https:\/\/jych.es\/en\/contacto\/\" target=\"_self\" role=\"button\" rel=\"noopener\">\n\t\t\t\t\t\t\tI want to know more\n\t\t\t\t\t<\/a>","protected":false},"excerpt":{"rendered":"<p>Nuestros servicios JYCH ha mediado el 90% de los proyectos de expansi\u00f3n de marcas de lujo en Puerto Ban\u00fas, gracias a su profesionalidad y discreci\u00f3n se ha ganado la confianza de dicho mercado para seguir desarrollando futuras aperturas en este enclave de gran lujo. Venta JYCH ofrece asesoramiento en la venta de espacios comerciales y &#8230; <a title=\"Services\" class=\"read-more\" href=\"https:\/\/jych.es\/en\/servicios\/\" aria-label=\"Read more about Servicios\">Read more<\/a><\/p>","protected":false},"author":1,"featured_media":0,"parent":0,"menu_order":0,"comment_status":"closed","ping_status":"closed","template":"","meta":{"inline_featured_image":false,"footnotes":""},"class_list":["post-32","page","type-page","status-publish"],"yoast_head":"<!-- This site is optimized with the Yoast SEO plugin v27.4 - https:\/\/yoast.com\/product\/yoast-seo-wordpress\/ -->\n<title>Servicios - Jych<\/title>\n<meta name=\"robots\" content=\"index, follow, max-snippet:-1, max-image-preview:large, max-video-preview:-1\" \/>\n<link rel=\"canonical\" href=\"https:\/\/jych.es\/en\/servicios\/\" \/>\n<meta property=\"og:locale\" content=\"en_GB\" \/>\n<meta property=\"og:type\" content=\"article\" \/>\n<meta property=\"og:title\" content=\"Servicios - Jych\" \/>\n<meta property=\"og:description\" content=\"Nuestros servicios JYCH ha mediado el 90% de los proyectos de expansi\u00f3n de marcas de lujo en Puerto Ban\u00fas, gracias a su profesionalidad y discreci\u00f3n se ha ganado la confianza de dicho mercado para seguir desarrollando futuras aperturas en este enclave de gran lujo. Venta JYCH ofrece asesoramiento en la venta de espacios comerciales y ... Read more\" \/>\n<meta property=\"og:url\" content=\"https:\/\/jych.es\/en\/servicios\/\" \/>\n<meta property=\"og:site_name\" content=\"Jych\" \/>\n<meta property=\"article:modified_time\" content=\"2023-01-13T12:19:35+00:00\" \/>\n<meta property=\"og:image\" content=\"https:\/\/jych.es\/wp-content\/uploads\/2023\/01\/dfghMask-group.jpg\" \/>\n<meta name=\"twitter:card\" content=\"summary_large_image\" \/>\n<meta name=\"twitter:label1\" content=\"Estimated reading time\" \/>\n\t<meta name=\"twitter:data1\" content=\"1 minute\" \/>\n<script type=\"application\/ld+json\" class=\"yoast-schema-graph\">{\"@context\":\"https:\\\/\\\/schema.org\",\"@graph\":[{\"@type\":\"WebPage\",\"@id\":\"https:\\\/\\\/jych.es\\\/en\\\/servicios\\\/\",\"url\":\"https:\\\/\\\/jych.es\\\/en\\\/servicios\\\/\",\"name\":\"Servicios - Jych\",\"isPartOf\":{\"@id\":\"https:\\\/\\\/jych.es\\\/#website\"},\"primaryImageOfPage\":{\"@id\":\"https:\\\/\\\/jych.es\\\/en\\\/servicios\\\/#primaryimage\"},\"image\":{\"@id\":\"https:\\\/\\\/jych.es\\\/en\\\/servicios\\\/#primaryimage\"},\"thumbnailUrl\":\"https:\\\/\\\/jych.es\\\/wp-content\\\/uploads\\\/2023\\\/01\\\/dfghMask-group.jpg\",\"datePublished\":\"2023-01-09T12:00:49+00:00\",\"dateModified\":\"2023-01-13T12:19:35+00:00\",\"breadcrumb\":{\"@id\":\"https:\\\/\\\/jych.es\\\/en\\\/servicios\\\/#breadcrumb\"},\"inLanguage\":\"en-GB\",\"potentialAction\":[{\"@type\":\"ReadAction\",\"target\":[\"https:\\\/\\\/jych.es\\\/en\\\/servicios\\\/\"]}]},{\"@type\":\"ImageObject\",\"inLanguage\":\"en-GB\",\"@id\":\"https:\\\/\\\/jych.es\\\/en\\\/servicios\\\/#primaryimage\",\"url\":\"https:\\\/\\\/jych.es\\\/wp-content\\\/uploads\\\/2023\\\/01\\\/dfghMask-group.jpg\",\"contentUrl\":\"https:\\\/\\\/jych.es\\\/wp-content\\\/uploads\\\/2023\\\/01\\\/dfghMask-group.jpg\"},{\"@type\":\"BreadcrumbList\",\"@id\":\"https:\\\/\\\/jych.es\\\/en\\\/servicios\\\/#breadcrumb\",\"itemListElement\":[{\"@type\":\"ListItem\",\"position\":1,\"name\":\"Portada\",\"item\":\"https:\\\/\\\/jych.es\\\/\"},{\"@type\":\"ListItem\",\"position\":2,\"name\":\"Servicios\"}]},{\"@type\":\"WebSite\",\"@id\":\"https:\\\/\\\/jych.es\\\/#website\",\"url\":\"https:\\\/\\\/jych.es\\\/\",\"name\":\"Jych\",\"description\":\"\",\"publisher\":{\"@id\":\"https:\\\/\\\/jych.es\\\/#organization\"},\"potentialAction\":[{\"@type\":\"SearchAction\",\"target\":{\"@type\":\"EntryPoint\",\"urlTemplate\":\"https:\\\/\\\/jych.es\\\/?s={search_term_string}\"},\"query-input\":{\"@type\":\"PropertyValueSpecification\",\"valueRequired\":true,\"valueName\":\"search_term_string\"}}],\"inLanguage\":\"en-GB\"},{\"@type\":\"Organization\",\"@id\":\"https:\\\/\\\/jych.es\\\/#organization\",\"name\":\"Jych\",\"url\":\"https:\\\/\\\/jych.es\\\/\",\"logo\":{\"@type\":\"ImageObject\",\"inLanguage\":\"en-GB\",\"@id\":\"https:\\\/\\\/jych.es\\\/#\\\/schema\\\/logo\\\/image\\\/\",\"url\":\"https:\\\/\\\/jych.es\\\/wp-content\\\/uploads\\\/2023\\\/01\\\/jych.png\",\"contentUrl\":\"https:\\\/\\\/jych.es\\\/wp-content\\\/uploads\\\/2023\\\/01\\\/jych.png\",\"width\":200,\"height\":200,\"caption\":\"Jych\"},\"image\":{\"@id\":\"https:\\\/\\\/jych.es\\\/#\\\/schema\\\/logo\\\/image\\\/\"}}]}<\/script>\n<!-- \/ Yoast SEO plugin. -->","yoast_head_json":{"title":"Servicios - Jych","robots":{"index":"index","follow":"follow","max-snippet":"max-snippet:-1","max-image-preview":"max-image-preview:large","max-video-preview":"max-video-preview:-1"},"canonical":"https:\/\/jych.es\/en\/servicios\/","og_locale":"en_GB","og_type":"article","og_title":"Servicios - Jych","og_description":"Nuestros servicios JYCH ha mediado el 90% de los proyectos de expansi\u00f3n de marcas de lujo en Puerto Ban\u00fas, gracias a su profesionalidad y discreci\u00f3n se ha ganado la confianza de dicho mercado para seguir desarrollando futuras aperturas en este enclave de gran lujo. Venta JYCH ofrece asesoramiento en la venta de espacios comerciales y ... Read more","og_url":"https:\/\/jych.es\/en\/servicios\/","og_site_name":"Jych","article_modified_time":"2023-01-13T12:19:35+00:00","og_image":[{"url":"https:\/\/jych.es\/wp-content\/uploads\/2023\/01\/dfghMask-group.jpg","type":"","width":"","height":""}],"twitter_card":"summary_large_image","twitter_misc":{"Estimated reading time":"1 minute"},"schema":{"@context":"https:\/\/schema.org","@graph":[{"@type":"WebPage","@id":"https:\/\/jych.es\/en\/servicios\/","url":"https:\/\/jych.es\/en\/servicios\/","name":"Servicios - Jych","isPartOf":{"@id":"https:\/\/jych.es\/#website"},"primaryImageOfPage":{"@id":"https:\/\/jych.es\/en\/servicios\/#primaryimage"},"image":{"@id":"https:\/\/jych.es\/en\/servicios\/#primaryimage"},"thumbnailUrl":"https:\/\/jych.es\/wp-content\/uploads\/2023\/01\/dfghMask-group.jpg","datePublished":"2023-01-09T12:00:49+00:00","dateModified":"2023-01-13T12:19:35+00:00","breadcrumb":{"@id":"https:\/\/jych.es\/en\/servicios\/#breadcrumb"},"inLanguage":"en-GB","potentialAction":[{"@type":"ReadAction","target":["https:\/\/jych.es\/en\/servicios\/"]}]},{"@type":"ImageObject","inLanguage":"en-GB","@id":"https:\/\/jych.es\/en\/servicios\/#primaryimage","url":"https:\/\/jych.es\/wp-content\/uploads\/2023\/01\/dfghMask-group.jpg","contentUrl":"https:\/\/jych.es\/wp-content\/uploads\/2023\/01\/dfghMask-group.jpg"},{"@type":"BreadcrumbList","@id":"https:\/\/jych.es\/en\/servicios\/#breadcrumb","itemListElement":[{"@type":"ListItem","position":1,"name":"Portada","item":"https:\/\/jych.es\/"},{"@type":"ListItem","position":2,"name":"Servicios"}]},{"@type":"WebSite","@id":"https:\/\/jych.es\/#website","url":"https:\/\/jych.es\/","name":"Jych","description":"","publisher":{"@id":"https:\/\/jych.es\/#organization"},"potentialAction":[{"@type":"SearchAction","target":{"@type":"EntryPoint","urlTemplate":"https:\/\/jych.es\/?s={search_term_string}"},"query-input":{"@type":"PropertyValueSpecification","valueRequired":true,"valueName":"search_term_string"}}],"inLanguage":"en-GB"},{"@type":"Organization","@id":"https:\/\/jych.es\/#organization","name":"Jych","url":"https:\/\/jych.es\/","logo":{"@type":"ImageObject","inLanguage":"en-GB","@id":"https:\/\/jych.es\/#\/schema\/logo\/image\/","url":"https:\/\/jych.es\/wp-content\/uploads\/2023\/01\/jych.png","contentUrl":"https:\/\/jych.es\/wp-content\/uploads\/2023\/01\/jych.png","width":200,"height":200,"caption":"Jych"},"image":{"@id":"https:\/\/jych.es\/#\/schema\/logo\/image\/"}}]}},"_links":{"self":[{"href":"https:\/\/jych.es\/en\/wp-json\/wp\/v2\/pages\/32","targetHints":{"allow":["GET"]}}],"collection":[{"href":"https:\/\/jych.es\/en\/wp-json\/wp\/v2\/pages"}],"about":[{"href":"https:\/\/jych.es\/en\/wp-json\/wp\/v2\/types\/page"}],"author":[{"embeddable":true,"href":"https:\/\/jych.es\/en\/wp-json\/wp\/v2\/users\/1"}],"replies":[{"embeddable":true,"href":"https:\/\/jych.es\/en\/wp-json\/wp\/v2\/comments?post=32"}],"version-history":[{"count":7,"href":"https:\/\/jych.es\/en\/wp-json\/wp\/v2\/pages\/32\/revisions"}],"predecessor-version":[{"id":322,"href":"https:\/\/jych.es\/en\/wp-json\/wp\/v2\/pages\/32\/revisions\/322"}],"wp:attachment":[{"href":"https:\/\/jych.es\/en\/wp-json\/wp\/v2\/media?parent=32"}],"curies":[{"name":"wp","href":"https:\/\/api.w.org\/{rel}","templated":true}]}}