{"id":332,"date":"2023-01-16T17:24:51","date_gmt":"2023-01-16T17:24:51","guid":{"rendered":"https:\/\/factum-omibu.es\/jych\/?page_id=332"},"modified":"2023-01-17T08:37:52","modified_gmt":"2023-01-17T08:37:52","slug":"aviso-legal","status":"publish","type":"page","link":"https:\/\/jych.es\/en\/aviso-legal\/","title":{"rendered":"Legal Notice"},"content":{"rendered":"<h1>\n\t\tAVISO LEGAL\n\t<\/h1>\n\t<p>DATOS GENERALES<\/p>\n<p>De acuerdo con el art\u00edculo 10 de la Ley 34\/2002, de 11 de julio, de Servicios de la Sociedad de la Informaci\u00f3n y de Comercio Electr\u00f3nico ponemos a su disposici\u00f3n los siguientes datos:<\/p>\n<p>ALANHERRO 2002 S.L est\u00e1 domiciliada en la calle MUELLE RIBERA OPQ LOCAL 101-O 29660 PUERTO BANUS-MARBELLA, con CIF B-92381037. Inscrita en el Registro Mercantil de MARBELLA.<\/p>\n<p>En la web\u00a0WWW.JYCH.ES\u00a0hay una serie de contenidos de car\u00e1cter informativo sobre contenido de la web.<\/p>\n<p>Su principal objetivo es facilitar a los clientes y al p\u00fablico en general, la informaci\u00f3n relativa a la empresa, a los productos y servicios que se ofrecen esto se puede modificar seg\u00fan la actividad a la que se dedique la empresa.<\/p>","protected":false},"excerpt":{"rendered":"<p>AVISO LEGAL DATOS GENERALES De acuerdo con el art\u00edculo 10 de la Ley 34\/2002, de 11 de julio, de Servicios de la Sociedad de la Informaci\u00f3n y de Comercio Electr\u00f3nico ponemos a su disposici\u00f3n los siguientes datos: ALANHERRO 2002 S.L est\u00e1 domiciliada en la calle MUELLE RIBERA OPQ LOCAL 101-O 29660 PUERTO BANUS-MARBELLA, con CIF &#8230; <a title=\"Legal Notice\" class=\"read-more\" href=\"https:\/\/jych.es\/en\/aviso-legal\/\" aria-label=\"Read more about Aviso Legal\">Read more<\/a><\/p>","protected":false},"author":1,"featured_media":0,"parent":0,"menu_order":0,"comment_status":"closed","ping_status":"closed","template":"","meta":{"inline_featured_image":false,"footnotes":""},"class_list":["post-332","page","type-page","status-publish"],"yoast_head":"<!-- This site is optimized with the Yoast SEO plugin v27.4 - https:\/\/yoast.com\/product\/yoast-seo-wordpress\/ -->\n<title>Aviso Legal - Jych<\/title>\n<meta name=\"robots\" content=\"index, follow, max-snippet:-1, max-image-preview:large, max-video-preview:-1\" \/>\n<link rel=\"canonical\" href=\"https:\/\/jych.es\/en\/aviso-legal\/\" \/>\n<meta property=\"og:locale\" content=\"en_GB\" \/>\n<meta property=\"og:type\" content=\"article\" \/>\n<meta property=\"og:title\" content=\"Aviso Legal - Jych\" \/>\n<meta property=\"og:description\" content=\"AVISO LEGAL DATOS GENERALES De acuerdo con el art\u00edculo 10 de la Ley 34\/2002, de 11 de julio, de Servicios de la Sociedad de la Informaci\u00f3n y de Comercio Electr\u00f3nico ponemos a su disposici\u00f3n los siguientes datos: ALANHERRO 2002 S.L est\u00e1 domiciliada en la calle MUELLE RIBERA OPQ LOCAL 101-O 29660 PUERTO BANUS-MARBELLA, con CIF ... Read more\" \/>\n<meta property=\"og:url\" content=\"https:\/\/jych.es\/en\/aviso-legal\/\" \/>\n<meta property=\"og:site_name\" content=\"Jych\" \/>\n<meta property=\"article:modified_time\" content=\"2023-01-17T08:37:52+00:00\" \/>\n<meta name=\"twitter:card\" content=\"summary_large_image\" \/>\n<meta name=\"twitter:label1\" content=\"Estimated reading time\" \/>\n\t<meta name=\"twitter:data1\" content=\"1 minute\" \/>\n<script type=\"application\/ld+json\" class=\"yoast-schema-graph\">{\"@context\":\"https:\\\/\\\/schema.org\",\"@graph\":[{\"@type\":\"WebPage\",\"@id\":\"https:\\\/\\\/jych.es\\\/aviso-legal\\\/\",\"url\":\"https:\\\/\\\/jych.es\\\/aviso-legal\\\/\",\"name\":\"Aviso Legal - Jych\",\"isPartOf\":{\"@id\":\"https:\\\/\\\/jych.es\\\/#website\"},\"datePublished\":\"2023-01-16T17:24:51+00:00\",\"dateModified\":\"2023-01-17T08:37:52+00:00\",\"breadcrumb\":{\"@id\":\"https:\\\/\\\/jych.es\\\/aviso-legal\\\/#breadcrumb\"},\"inLanguage\":\"en-GB\",\"potentialAction\":[{\"@type\":\"ReadAction\",\"target\":[\"https:\\\/\\\/jych.es\\\/aviso-legal\\\/\"]}]},{\"@type\":\"BreadcrumbList\",\"@id\":\"https:\\\/\\\/jych.es\\\/aviso-legal\\\/#breadcrumb\",\"itemListElement\":[{\"@type\":\"ListItem\",\"position\":1,\"name\":\"Portada\",\"item\":\"https:\\\/\\\/jych.es\\\/\"},{\"@type\":\"ListItem\",\"position\":2,\"name\":\"Aviso Legal\"}]},{\"@type\":\"WebSite\",\"@id\":\"https:\\\/\\\/jych.es\\\/#website\",\"url\":\"https:\\\/\\\/jych.es\\\/\",\"name\":\"Jych\",\"description\":\"\",\"publisher\":{\"@id\":\"https:\\\/\\\/jych.es\\\/#organization\"},\"potentialAction\":[{\"@type\":\"SearchAction\",\"target\":{\"@type\":\"EntryPoint\",\"urlTemplate\":\"https:\\\/\\\/jych.es\\\/?s={search_term_string}\"},\"query-input\":{\"@type\":\"PropertyValueSpecification\",\"valueRequired\":true,\"valueName\":\"search_term_string\"}}],\"inLanguage\":\"en-GB\"},{\"@type\":\"Organization\",\"@id\":\"https:\\\/\\\/jych.es\\\/#organization\",\"name\":\"Jych\",\"url\":\"https:\\\/\\\/jych.es\\\/\",\"logo\":{\"@type\":\"ImageObject\",\"inLanguage\":\"en-GB\",\"@id\":\"https:\\\/\\\/jych.es\\\/#\\\/schema\\\/logo\\\/image\\\/\",\"url\":\"https:\\\/\\\/jych.es\\\/wp-content\\\/uploads\\\/2023\\\/01\\\/jych.png\",\"contentUrl\":\"https:\\\/\\\/jych.es\\\/wp-content\\\/uploads\\\/2023\\\/01\\\/jych.png\",\"width\":200,\"height\":200,\"caption\":\"Jych\"},\"image\":{\"@id\":\"https:\\\/\\\/jych.es\\\/#\\\/schema\\\/logo\\\/image\\\/\"}}]}<\/script>\n<!-- \/ Yoast SEO plugin. -->","yoast_head_json":{"title":"Aviso Legal - Jych","robots":{"index":"index","follow":"follow","max-snippet":"max-snippet:-1","max-image-preview":"max-image-preview:large","max-video-preview":"max-video-preview:-1"},"canonical":"https:\/\/jych.es\/en\/aviso-legal\/","og_locale":"en_GB","og_type":"article","og_title":"Aviso Legal - Jych","og_description":"AVISO LEGAL DATOS GENERALES De acuerdo con el art\u00edculo 10 de la Ley 34\/2002, de 11 de julio, de Servicios de la Sociedad de la Informaci\u00f3n y de Comercio Electr\u00f3nico ponemos a su disposici\u00f3n los siguientes datos: ALANHERRO 2002 S.L est\u00e1 domiciliada en la calle MUELLE RIBERA OPQ LOCAL 101-O 29660 PUERTO BANUS-MARBELLA, con CIF ... Read more","og_url":"https:\/\/jych.es\/en\/aviso-legal\/","og_site_name":"Jych","article_modified_time":"2023-01-17T08:37:52+00:00","twitter_card":"summary_large_image","twitter_misc":{"Estimated reading time":"1 minute"},"schema":{"@context":"https:\/\/schema.org","@graph":[{"@type":"WebPage","@id":"https:\/\/jych.es\/aviso-legal\/","url":"https:\/\/jych.es\/aviso-legal\/","name":"Aviso Legal - Jych","isPartOf":{"@id":"https:\/\/jych.es\/#website"},"datePublished":"2023-01-16T17:24:51+00:00","dateModified":"2023-01-17T08:37:52+00:00","breadcrumb":{"@id":"https:\/\/jych.es\/aviso-legal\/#breadcrumb"},"inLanguage":"en-GB","potentialAction":[{"@type":"ReadAction","target":["https:\/\/jych.es\/aviso-legal\/"]}]},{"@type":"BreadcrumbList","@id":"https:\/\/jych.es\/aviso-legal\/#breadcrumb","itemListElement":[{"@type":"ListItem","position":1,"name":"Portada","item":"https:\/\/jych.es\/"},{"@type":"ListItem","position":2,"name":"Aviso Legal"}]},{"@type":"WebSite","@id":"https:\/\/jych.es\/#website","url":"https:\/\/jych.es\/","name":"Jych","description":"","publisher":{"@id":"https:\/\/jych.es\/#organization"},"potentialAction":[{"@type":"SearchAction","target":{"@type":"EntryPoint","urlTemplate":"https:\/\/jych.es\/?s={search_term_string}"},"query-input":{"@type":"PropertyValueSpecification","valueRequired":true,"valueName":"search_term_string"}}],"inLanguage":"en-GB"},{"@type":"Organization","@id":"https:\/\/jych.es\/#organization","name":"Jych","url":"https:\/\/jych.es\/","logo":{"@type":"ImageObject","inLanguage":"en-GB","@id":"https:\/\/jych.es\/#\/schema\/logo\/image\/","url":"https:\/\/jych.es\/wp-content\/uploads\/2023\/01\/jych.png","contentUrl":"https:\/\/jych.es\/wp-content\/uploads\/2023\/01\/jych.png","width":200,"height":200,"caption":"Jych"},"image":{"@id":"https:\/\/jych.es\/#\/schema\/logo\/image\/"}}]}},"_links":{"self":[{"href":"https:\/\/jych.es\/en\/wp-json\/wp\/v2\/pages\/332","targetHints":{"allow":["GET"]}}],"collection":[{"href":"https:\/\/jych.es\/en\/wp-json\/wp\/v2\/pages"}],"about":[{"href":"https:\/\/jych.es\/en\/wp-json\/wp\/v2\/types\/page"}],"author":[{"embeddable":true,"href":"https:\/\/jych.es\/en\/wp-json\/wp\/v2\/users\/1"}],"replies":[{"embeddable":true,"href":"https:\/\/jych.es\/en\/wp-json\/wp\/v2\/comments?post=332"}],"version-history":[{"count":6,"href":"https:\/\/jych.es\/en\/wp-json\/wp\/v2\/pages\/332\/revisions"}],"predecessor-version":[{"id":365,"href":"https:\/\/jych.es\/en\/wp-json\/wp\/v2\/pages\/332\/revisions\/365"}],"wp:attachment":[{"href":"https:\/\/jych.es\/en\/wp-json\/wp\/v2\/media?parent=332"}],"curies":[{"name":"wp","href":"https:\/\/api.w.org\/{rel}","templated":true}]}}