{"id":366,"date":"2023-01-17T08:38:21","date_gmt":"2023-01-17T08:38:21","guid":{"rendered":"https:\/\/factum-omibu.es\/jych\/?page_id=366"},"modified":"2023-01-17T09:30:44","modified_gmt":"2023-01-17T09:30:44","slug":"politica-de-privacidad","status":"publish","type":"page","link":"https:\/\/jych.es\/en\/politica-de-privacidad\/","title":{"rendered":"POL\u00cdTICA DE PRIVACIDAD"},"content":{"rendered":"<h1>\n\t\tPOL\u00cdTICA DE PRIVACIDAD\n\t<\/h1>\n\t<p>En cumplimiento de lo dispuesto en la Ley Org\u00e1nica 15\/1999, de 13 de Diciembre, de Protecci\u00f3n de Datos de Car\u00e1cter Personal (LOPD) se informa al usuario que todos los datos que nos proporcione ser\u00e1n incorporados a un fichero, creado y mantenido bajo la responsabilidad de ALANHERRO 2002 S.L<\/p>\n<p>Siempre se va a respetar la confidencialidad de sus datos personales que s\u00f3lo ser\u00e1n utilizados con la finalidad de gestionar los servicios ofrecidos, atender a las solicitudes que nos plantee, realizar tareas administrativas, as\u00ed como remitir informaci\u00f3n t\u00e9cnica, comercial o publicitaria por v\u00eda ordinaria o electr\u00f3nica.<\/p>\n<p>Para ejercer sus derechos de oposici\u00f3n, rectificaci\u00f3n o cancelaci\u00f3ndeber\u00e1 dirigirse a la sede de la empresa MUELLE RIBERA OPQ LOCAL 101-O 29660 PUERTO BANUS- MARBELLA , escribirnos al siguiente correo (INFO@JYCH.ES) o ll\u00e1manos al (952 90 50 28<\/p>\n<p>CONDICIONES DE USO<\/p>\n<p>Las condiciones de acceso y uso del presente sitio web se rigen por la legalidad vigente y por el principio de buena fe comprometi\u00e9ndose el usuario a realizar un buen uso de la web. No se permiten conductas que vayan contra la ley, los derechos o intereses de terceros.<\/p>\n<p>Ser usuario de la web de (WWW.JYCH.ES) implica que reconoce haber le\u00eddo y aceptado las presentes condiciones y lo que las extienda la normativa legal aplicable en esta materia. Si por el motivo que fuere no est\u00e1 de acuerdo con estas condiciones no contin\u00fae usando esta web.<\/p>\n<p>Cualquier tipo de notificaci\u00f3n y\/o reclamaci\u00f3n solamente ser\u00e1 v\u00e1lida por notificaci\u00f3n escrita y\/o correo certificado.<\/p>\n<p>RESPONSABILIDADES<\/p>\n<p>ALANHERRO 2002 S.L no se hace responsable de la informaci\u00f3n y contenidos almacenados en foros, redes sociales o cualesquier otro medio que permita a terceros publicar contenidos de forma independiente en la p\u00e1gina web del prestador.<\/p>\n<p>Sin embargo, teniendo en cuenta los art. 11 y 16 de la LSSI-CE, (ALANHERRO 2002 S.L) se compromete a la retirada o en su caso bloqueo de aquellos contenidos que pudieran afectar o contravenir la legislaci\u00f3n nacional o internacional, derechos de terceros o la moral y el orden p\u00fablico.<\/p>\n<p>Tampoco la empresa se responsabilizar\u00e1 de los da\u00f1os y perjuicios que se produzcan por fallos o malas configuraciones del software instalado en el ordenador del internauta. Se excluye toda responsabilidad por alguna incidencia t\u00e9cnica o fallo que se produzca cuando el usuario se conecte a internet. Igualmente no se garantiza la inexistencia de interrupciones o errores en el acceso al sitio web.<\/p>\n<p>As\u00ed mismo, ALANHERRO 2002 S.L se reserva el derecho a actualizar, modificar o eliminar la informaci\u00f3n contenida en su p\u00e1gina web, as\u00ed como la configuraci\u00f3n o presentaci\u00f3n del mismo, en cualquier momento sin asumir alguna responsabilidad por ello.<\/p>\n<p>Le comunicamos que cualquier precio que pueda ver en nuestra web ser\u00e1 solamente orientativo. Si el usuario desea saber con exactitud el precio o si el producto en el momento actual cuenta con alguna oferta de la cual se puede beneficiar ha de acudir a alguna de las tiendas f\u00edsicas con las que cuenta (ALANHERRO 2002 S.L)<\/p>\n<p>PROPIEDAD INTELECTUAL E INDUSTRIAL<\/p>\n<p>ALANHERRO 2002 S.L es titular de todos los derechos sobre el software de la publicaci\u00f3n digital as\u00ed como de los derechos de propiedad industrial e intelectual referidos a los contenidos que se incluyan, a excepci\u00f3n de los derechos sobre productos y servicios de car\u00e1cter p\u00fablico que no son propiedad de esta empresa.<\/p>\n<p>Ning\u00fan material publicado en esta web podr\u00e1 ser reproducido, copiado o publicado sin el consentimiento por escrito de ALANHERRO 2002 S.L<\/p>\n<p>Toda la informaci\u00f3n que se reciba en la web, como comentarios, sugerencias o ideas, se considerar\u00e1 cedida a ALANHERRO 2002 S.L de manera gratuita. No debe enviarse informaci\u00f3n que NO pueda ser tratada de este modo.<\/p>\n<p>Todos los productos y servicios de estas p\u00e1ginas que NO son propiedad de ALANHERRO 2002 S.L son marcas registradas de sus respectivos propietarios y son reconocidas como tales por nuestra empresa. Solamente aparecen en la web de ALANHERRO 2002 S.L a efectos de promoci\u00f3n y de recopilaci\u00f3n de informaci\u00f3n. Estos propietarios pueden solicitar la modificaci\u00f3n o eliminaci\u00f3n de la informaci\u00f3n que les pertenece.<\/p>\n<p>LEY APLICABLE Y JURISDICCI\u00d3N<\/p>\n<p>Las presentes condiciones generales se rigen por la legislaci\u00f3n espa\u00f1ola. Para cualquier litigio que pudiera surgir relacionado con el sitio web o la actividad que en \u00e9l se desarrolla ser\u00e1n competentes Juzgados de (MARBELLA), renunciando expresamente el usuario a cualquier otro fuero que pudiera corresponderle.<\/p>","protected":false},"excerpt":{"rendered":"<p>POL\u00cdTICA DE PRIVACIDAD En cumplimiento de lo dispuesto en la Ley Org\u00e1nica 15\/1999, de 13 de Diciembre, de Protecci\u00f3n de Datos de Car\u00e1cter Personal (LOPD) se informa al usuario que todos los datos que nos proporcione ser\u00e1n incorporados a un fichero, creado y mantenido bajo la responsabilidad de ALANHERRO 2002 S.L Siempre se va a &#8230; <a title=\"POL\u00cdTICA DE PRIVACIDAD\" class=\"read-more\" href=\"https:\/\/jych.es\/en\/politica-de-privacidad\/\" aria-label=\"Read more about POL\u00cdTICA DE PRIVACIDAD\">Read more<\/a><\/p>","protected":false},"author":1,"featured_media":0,"parent":0,"menu_order":0,"comment_status":"closed","ping_status":"closed","template":"","meta":{"inline_featured_image":false,"footnotes":""},"class_list":["post-366","page","type-page","status-publish"],"yoast_head":"<!-- This site is optimized with the Yoast SEO plugin v27.2 - https:\/\/yoast.com\/product\/yoast-seo-wordpress\/ -->\n<title>POL\u00cdTICA DE PRIVACIDAD - Jych<\/title>\n<meta name=\"robots\" content=\"index, follow, max-snippet:-1, max-image-preview:large, max-video-preview:-1\" \/>\n<link rel=\"canonical\" href=\"https:\/\/jych.es\/en\/politica-de-privacidad\/\" \/>\n<meta property=\"og:locale\" content=\"en_GB\" \/>\n<meta property=\"og:type\" content=\"article\" \/>\n<meta property=\"og:title\" content=\"POL\u00cdTICA DE PRIVACIDAD - Jych\" \/>\n<meta property=\"og:description\" content=\"POL\u00cdTICA DE PRIVACIDAD En cumplimiento de lo dispuesto en la Ley Org\u00e1nica 15\/1999, de 13 de Diciembre, de Protecci\u00f3n de Datos de Car\u00e1cter Personal (LOPD) se informa al usuario que todos los datos que nos proporcione ser\u00e1n incorporados a un fichero, creado y mantenido bajo la responsabilidad de ALANHERRO 2002 S.L Siempre se va a ... Read more\" \/>\n<meta property=\"og:url\" content=\"https:\/\/jych.es\/en\/politica-de-privacidad\/\" \/>\n<meta property=\"og:site_name\" content=\"Jych\" \/>\n<meta property=\"article:modified_time\" content=\"2023-01-17T09:30:44+00:00\" \/>\n<meta name=\"twitter:card\" content=\"summary_large_image\" \/>\n<meta name=\"twitter:label1\" content=\"Estimated reading time\" \/>\n\t<meta name=\"twitter:data1\" content=\"4 minutes\" \/>\n<script type=\"application\/ld+json\" class=\"yoast-schema-graph\">{\"@context\":\"https:\/\/schema.org\",\"@graph\":[{\"@type\":\"WebPage\",\"@id\":\"https:\/\/jych.es\/politica-de-privacidad\/\",\"url\":\"https:\/\/jych.es\/politica-de-privacidad\/\",\"name\":\"POL\u00cdTICA DE PRIVACIDAD - Jych\",\"isPartOf\":{\"@id\":\"https:\/\/jych.es\/#website\"},\"datePublished\":\"2023-01-17T08:38:21+00:00\",\"dateModified\":\"2023-01-17T09:30:44+00:00\",\"breadcrumb\":{\"@id\":\"https:\/\/jych.es\/politica-de-privacidad\/#breadcrumb\"},\"inLanguage\":\"en-GB\",\"potentialAction\":[{\"@type\":\"ReadAction\",\"target\":[\"https:\/\/jych.es\/politica-de-privacidad\/\"]}]},{\"@type\":\"BreadcrumbList\",\"@id\":\"https:\/\/jych.es\/politica-de-privacidad\/#breadcrumb\",\"itemListElement\":[{\"@type\":\"ListItem\",\"position\":1,\"name\":\"Portada\",\"item\":\"https:\/\/jych.es\/\"},{\"@type\":\"ListItem\",\"position\":2,\"name\":\"POL\u00cdTICA DE PRIVACIDAD\"}]},{\"@type\":\"WebSite\",\"@id\":\"https:\/\/jych.es\/#website\",\"url\":\"https:\/\/jych.es\/\",\"name\":\"Jych\",\"description\":\"\",\"publisher\":{\"@id\":\"https:\/\/jych.es\/#organization\"},\"potentialAction\":[{\"@type\":\"SearchAction\",\"target\":{\"@type\":\"EntryPoint\",\"urlTemplate\":\"https:\/\/jych.es\/?s={search_term_string}\"},\"query-input\":{\"@type\":\"PropertyValueSpecification\",\"valueRequired\":true,\"valueName\":\"search_term_string\"}}],\"inLanguage\":\"en-GB\"},{\"@type\":\"Organization\",\"@id\":\"https:\/\/jych.es\/#organization\",\"name\":\"Jych\",\"url\":\"https:\/\/jych.es\/\",\"logo\":{\"@type\":\"ImageObject\",\"inLanguage\":\"en-GB\",\"@id\":\"https:\/\/jych.es\/#\/schema\/logo\/image\/\",\"url\":\"https:\/\/jych.es\/wp-content\/uploads\/2023\/01\/jych.png\",\"contentUrl\":\"https:\/\/jych.es\/wp-content\/uploads\/2023\/01\/jych.png\",\"width\":200,\"height\":200,\"caption\":\"Jych\"},\"image\":{\"@id\":\"https:\/\/jych.es\/#\/schema\/logo\/image\/\"}}]}<\/script>\n<!-- \/ Yoast SEO plugin. -->","yoast_head_json":{"title":"POL\u00cdTICA DE PRIVACIDAD - Jych","robots":{"index":"index","follow":"follow","max-snippet":"max-snippet:-1","max-image-preview":"max-image-preview:large","max-video-preview":"max-video-preview:-1"},"canonical":"https:\/\/jych.es\/en\/politica-de-privacidad\/","og_locale":"en_GB","og_type":"article","og_title":"POL\u00cdTICA DE PRIVACIDAD - Jych","og_description":"POL\u00cdTICA DE PRIVACIDAD En cumplimiento de lo dispuesto en la Ley Org\u00e1nica 15\/1999, de 13 de Diciembre, de Protecci\u00f3n de Datos de Car\u00e1cter Personal (LOPD) se informa al usuario que todos los datos que nos proporcione ser\u00e1n incorporados a un fichero, creado y mantenido bajo la responsabilidad de ALANHERRO 2002 S.L Siempre se va a ... Read more","og_url":"https:\/\/jych.es\/en\/politica-de-privacidad\/","og_site_name":"Jych","article_modified_time":"2023-01-17T09:30:44+00:00","twitter_card":"summary_large_image","twitter_misc":{"Estimated reading time":"4 minutes"},"schema":{"@context":"https:\/\/schema.org","@graph":[{"@type":"WebPage","@id":"https:\/\/jych.es\/politica-de-privacidad\/","url":"https:\/\/jych.es\/politica-de-privacidad\/","name":"POL\u00cdTICA DE PRIVACIDAD - Jych","isPartOf":{"@id":"https:\/\/jych.es\/#website"},"datePublished":"2023-01-17T08:38:21+00:00","dateModified":"2023-01-17T09:30:44+00:00","breadcrumb":{"@id":"https:\/\/jych.es\/politica-de-privacidad\/#breadcrumb"},"inLanguage":"en-GB","potentialAction":[{"@type":"ReadAction","target":["https:\/\/jych.es\/politica-de-privacidad\/"]}]},{"@type":"BreadcrumbList","@id":"https:\/\/jych.es\/politica-de-privacidad\/#breadcrumb","itemListElement":[{"@type":"ListItem","position":1,"name":"Portada","item":"https:\/\/jych.es\/"},{"@type":"ListItem","position":2,"name":"POL\u00cdTICA DE PRIVACIDAD"}]},{"@type":"WebSite","@id":"https:\/\/jych.es\/#website","url":"https:\/\/jych.es\/","name":"Jych","description":"","publisher":{"@id":"https:\/\/jych.es\/#organization"},"potentialAction":[{"@type":"SearchAction","target":{"@type":"EntryPoint","urlTemplate":"https:\/\/jych.es\/?s={search_term_string}"},"query-input":{"@type":"PropertyValueSpecification","valueRequired":true,"valueName":"search_term_string"}}],"inLanguage":"en-GB"},{"@type":"Organization","@id":"https:\/\/jych.es\/#organization","name":"Jych","url":"https:\/\/jych.es\/","logo":{"@type":"ImageObject","inLanguage":"en-GB","@id":"https:\/\/jych.es\/#\/schema\/logo\/image\/","url":"https:\/\/jych.es\/wp-content\/uploads\/2023\/01\/jych.png","contentUrl":"https:\/\/jych.es\/wp-content\/uploads\/2023\/01\/jych.png","width":200,"height":200,"caption":"Jych"},"image":{"@id":"https:\/\/jych.es\/#\/schema\/logo\/image\/"}}]}},"_links":{"self":[{"href":"https:\/\/jych.es\/en\/wp-json\/wp\/v2\/pages\/366","targetHints":{"allow":["GET"]}}],"collection":[{"href":"https:\/\/jych.es\/en\/wp-json\/wp\/v2\/pages"}],"about":[{"href":"https:\/\/jych.es\/en\/wp-json\/wp\/v2\/types\/page"}],"author":[{"embeddable":true,"href":"https:\/\/jych.es\/en\/wp-json\/wp\/v2\/users\/1"}],"replies":[{"embeddable":true,"href":"https:\/\/jych.es\/en\/wp-json\/wp\/v2\/comments?post=366"}],"version-history":[{"count":2,"href":"https:\/\/jych.es\/en\/wp-json\/wp\/v2\/pages\/366\/revisions"}],"predecessor-version":[{"id":382,"href":"https:\/\/jych.es\/en\/wp-json\/wp\/v2\/pages\/366\/revisions\/382"}],"wp:attachment":[{"href":"https:\/\/jych.es\/en\/wp-json\/wp\/v2\/media?parent=366"}],"curies":[{"name":"wp","href":"https:\/\/api.w.org\/{rel}","templated":true}]}}