{"id":44,"date":"2023-01-09T12:15:26","date_gmt":"2023-01-09T12:15:26","guid":{"rendered":"https:\/\/factum-omibu.es\/jych\/?page_id=44"},"modified":"2023-01-23T16:24:01","modified_gmt":"2023-01-23T16:24:01","slug":"contacto","status":"publish","type":"page","link":"https:\/\/jych.es\/en\/contacto\/","title":{"rendered":"Contact"},"content":{"rendered":"<h1>\n\t\tCONTACT\n\t<\/h1>\n\t<iframe src=\"https:\/\/www.google.com\/maps\/embed?pb=!1m14!1m8!1m3!1d12831.254009356902!2d-4.9550151!3d36.4862203!3m2!1i1024!2i768!4f13.1!3m3!1m2!1s0x0%3A0x545021e0a0ab2e88!2sJYCH!5e0!3m2!1ses!2ses!4v1673266578620!5m2!1ses!2ses\" width=\"624\" height=\"902\" allowfullscreen=\"\" loading=\"lazy\" referrerpolicy=\"no-referrer-when-downgrade\"><\/iframe>\n\t<p>We are ready to answer your questions and meet your needs. You can send us an email, call us or fill out this form and we will attend you as soon as possible.<\/p>\n\t\n<div class=\"wpcf7 no-js\" id=\"wpcf7-f17-o1\" lang=\"es-ES\" dir=\"ltr\" data-wpcf7-id=\"17\">\n<div class=\"screen-reader-response\"><p role=\"status\" aria-live=\"polite\" aria-atomic=\"true\"><\/p> <ul><\/ul><\/div>\n<form action=\"\/en\/wp-json\/wp\/v2\/pages\/44#wpcf7-f17-o1\" method=\"post\" class=\"wpcf7-form init\" aria-label=\"Formulario de contacto\" novalidate=\"novalidate\" data-status=\"init\" data-trp-original-action=\"\/en\/wp-json\/wp\/v2\/pages\/44#wpcf7-f17-o1\">\n<fieldset class=\"hidden-fields-container\"><input type=\"hidden\" name=\"_wpcf7\" value=\"17\" \/><input type=\"hidden\" name=\"_wpcf7_version\" value=\"6.1.5\" \/><input type=\"hidden\" name=\"_wpcf7_locale\" value=\"es_ES\" \/><input type=\"hidden\" name=\"_wpcf7_unit_tag\" value=\"wpcf7-f17-o1\" \/><input type=\"hidden\" name=\"_wpcf7_container_post\" value=\"0\" \/><input type=\"hidden\" name=\"_wpcf7_posted_data_hash\" value=\"\" \/><input type=\"hidden\" name=\"_wpcf7_recaptcha_response\" value=\"\" \/>\n<\/fieldset>\n<p><label> Name*<br \/>\n<span class=\"wpcf7-form-control-wrap\" data-name=\"your-name\"><input size=\"40\" maxlength=\"400\" class=\"wpcf7-form-control wpcf7-text wpcf7-validates-as-required\" autocomplete=\"name\" aria-required=\"true\" aria-invalid=\"false\" value=\"\" type=\"text\" name=\"your-name\" \/><\/span> <\/label>\n<\/p>\n<p><label> E-mail*<br \/>\n<span class=\"wpcf7-form-control-wrap\" data-name=\"your-email\"><input size=\"40\" maxlength=\"400\" class=\"wpcf7-form-control wpcf7-email wpcf7-validates-as-required wpcf7-text wpcf7-validates-as-email\" autocomplete=\"email\" aria-required=\"true\" aria-invalid=\"false\" value=\"\" type=\"email\" name=\"your-email\" \/><\/span> <\/label>\n<\/p>\n<p><label> Message*<br \/>\n<span class=\"wpcf7-form-control-wrap\" data-name=\"your-message\"><textarea cols=\"40\" rows=\"10\" maxlength=\"2000\" class=\"wpcf7-form-control wpcf7-textarea wpcf7-validates-as-required\" aria-required=\"true\" aria-invalid=\"false\" name=\"your-message\"><\/textarea><\/span> <\/label>\n<\/p>\n<p><span id=\"wpcf7-69ec9f2875179-wrapper\" class=\"wpcf7-form-control-wrap honeypot-269-wrap\" style=\"display:none !important; visibility:hidden !important;\"><label for=\"cuidad\" class=\"hp-message\">Por favor, deja este campo vac\u00edo.<\/label><input id=\"cuidad\"  placeholder=\"cuidad\"  class=\"wpcf7-form-control wpcf7-text cuidad\" type=\"text\" name=\"honeypot-269\" value=\"\" size=\"40\" tabindex=\"-1\" autocomplete=\"new-password\" \/><\/span>\n<\/p>\n<p><span class=\"wpcf7-form-control-wrap\" data-name=\"acceptance-444\"><span class=\"wpcf7-form-control wpcf7-acceptance\"><span class=\"wpcf7-list-item\"><label><input type=\"checkbox\" name=\"acceptance-444\" value=\"1\" aria-invalid=\"false\" \/><span class=\"wpcf7-list-item-label\">I have read and accept the <a href=\"https:\/\/jych.es\/en\/politica-de-privacidad\/\" traget=\"_blank\">Policy Privacy<\/a><\/span><\/label><\/span><\/span><\/span>\n<\/p>\n<p><input class=\"wpcf7-form-control wpcf7-submit has-spinner\" type=\"submit\" value=\"Enviar\" \/>\n<\/p><div class=\"wpcf7-response-output\" aria-hidden=\"true\"><\/div>\n<input type=\"hidden\" name=\"trp-form-language\" value=\"en\"\/><\/form>\n<\/div>\n\n<h2>\n\t\tTelephone numbers\n\t<\/h2>\n\t<a href=\"tel:+34952905028\">+34 952 90 50 28<\/a><br \/>\n<a href=\"tel:+34607378992\">+34 607 37 89 92<\/a><br \/>\n<a href=\"tel:+34647740234\">+34 647 74 02 34<\/a><br \/>\n<a href=\"tel:+34637739500\">+34 637 73 95 00<\/a>\n<h2>\n\t\tEmail and address\n\t<\/h2>\n\t<a href=\"mailto:info@jych.es\">info@jych.es<\/a><br \/>\n<a href=\"https:\/\/goo.gl\/maps\/bnQbbXyfyaAakTWz7\" target=\"_blank\" rel=\"noopener\">Muelle Ribera<\/a><br \/>\n<a href=\"https:\/\/goo.gl\/maps\/bnQbbXyfyaAakTWz7\" target=\"_blank\" rel=\"noopener\">Local 101-0<\/a><br \/>\n<a href=\"https:\/\/goo.gl\/maps\/bnQbbXyfyaAakTWz7\" target=\"_blank\" rel=\"noopener\">29660 Puerto Ban\u00fas<\/a>\n<h2>\n\t\tSocial media\n\t<\/h2>","protected":false},"excerpt":{"rendered":"<p>CONTACTO Estamos listos para responder sus preguntas y conocer sus necesidades. Puede enviarnos un correo electr\u00f3nico, ll\u00e1menos o rellene este formulario y le atenderemos lo antes posible. N\u00fameros de tel\u00e9fono +34 952 90 50 28 +34 607 37 89 92 +34 647 74 02 34 +34 637 73 95 00 Email y direcci\u00f3n info@jych.es Muelle &#8230; <a title=\"Contact\" class=\"read-more\" href=\"https:\/\/jych.es\/en\/contacto\/\" aria-label=\"Read more about Contacto\">Read more<\/a><\/p>","protected":false},"author":1,"featured_media":0,"parent":0,"menu_order":0,"comment_status":"closed","ping_status":"closed","template":"","meta":{"inline_featured_image":false,"footnotes":""},"class_list":["post-44","page","type-page","status-publish"],"yoast_head":"<!-- This site is optimized with the Yoast SEO plugin v27.2 - https:\/\/yoast.com\/product\/yoast-seo-wordpress\/ -->\n<title>Contacto - Jych<\/title>\n<meta name=\"robots\" content=\"index, follow, max-snippet:-1, max-image-preview:large, max-video-preview:-1\" \/>\n<link rel=\"canonical\" href=\"https:\/\/jych.es\/en\/contacto\/\" \/>\n<meta property=\"og:locale\" content=\"en_GB\" \/>\n<meta property=\"og:type\" content=\"article\" \/>\n<meta property=\"og:title\" content=\"Contacto - Jych\" \/>\n<meta property=\"og:description\" content=\"CONTACTO Estamos listos para responder sus preguntas y conocer sus necesidades. Puede enviarnos un correo electr\u00f3nico, ll\u00e1menos o rellene este formulario y le atenderemos lo antes posible. N\u00fameros de tel\u00e9fono +34 952 90 50 28 +34 607 37 89 92 +34 647 74 02 34 +34 637 73 95 00 Email y direcci\u00f3n info@jych.es Muelle ... Read more\" \/>\n<meta property=\"og:url\" content=\"https:\/\/jych.es\/en\/contacto\/\" \/>\n<meta property=\"og:site_name\" content=\"Jych\" \/>\n<meta property=\"article:modified_time\" content=\"2023-01-23T16:24:01+00:00\" \/>\n<meta name=\"twitter:card\" content=\"summary_large_image\" \/>\n<script type=\"application\/ld+json\" class=\"yoast-schema-graph\">{\"@context\":\"https:\/\/schema.org\",\"@graph\":[{\"@type\":\"WebPage\",\"@id\":\"https:\/\/jych.es\/contacto\/\",\"url\":\"https:\/\/jych.es\/contacto\/\",\"name\":\"Contacto - Jych\",\"isPartOf\":{\"@id\":\"https:\/\/jych.es\/#website\"},\"datePublished\":\"2023-01-09T12:15:26+00:00\",\"dateModified\":\"2023-01-23T16:24:01+00:00\",\"breadcrumb\":{\"@id\":\"https:\/\/jych.es\/contacto\/#breadcrumb\"},\"inLanguage\":\"en-GB\",\"potentialAction\":[{\"@type\":\"ReadAction\",\"target\":[\"https:\/\/jych.es\/contacto\/\"]}]},{\"@type\":\"BreadcrumbList\",\"@id\":\"https:\/\/jych.es\/contacto\/#breadcrumb\",\"itemListElement\":[{\"@type\":\"ListItem\",\"position\":1,\"name\":\"Portada\",\"item\":\"https:\/\/jych.es\/\"},{\"@type\":\"ListItem\",\"position\":2,\"name\":\"Contacto\"}]},{\"@type\":\"WebSite\",\"@id\":\"https:\/\/jych.es\/#website\",\"url\":\"https:\/\/jych.es\/\",\"name\":\"Jych\",\"description\":\"\",\"publisher\":{\"@id\":\"https:\/\/jych.es\/#organization\"},\"potentialAction\":[{\"@type\":\"SearchAction\",\"target\":{\"@type\":\"EntryPoint\",\"urlTemplate\":\"https:\/\/jych.es\/?s={search_term_string}\"},\"query-input\":{\"@type\":\"PropertyValueSpecification\",\"valueRequired\":true,\"valueName\":\"search_term_string\"}}],\"inLanguage\":\"en-GB\"},{\"@type\":\"Organization\",\"@id\":\"https:\/\/jych.es\/#organization\",\"name\":\"Jych\",\"url\":\"https:\/\/jych.es\/\",\"logo\":{\"@type\":\"ImageObject\",\"inLanguage\":\"en-GB\",\"@id\":\"https:\/\/jych.es\/#\/schema\/logo\/image\/\",\"url\":\"https:\/\/jych.es\/wp-content\/uploads\/2023\/01\/jych.png\",\"contentUrl\":\"https:\/\/jych.es\/wp-content\/uploads\/2023\/01\/jych.png\",\"width\":200,\"height\":200,\"caption\":\"Jych\"},\"image\":{\"@id\":\"https:\/\/jych.es\/#\/schema\/logo\/image\/\"}}]}<\/script>\n<!-- \/ Yoast SEO plugin. -->","yoast_head_json":{"title":"Contacto - Jych","robots":{"index":"index","follow":"follow","max-snippet":"max-snippet:-1","max-image-preview":"max-image-preview:large","max-video-preview":"max-video-preview:-1"},"canonical":"https:\/\/jych.es\/en\/contacto\/","og_locale":"en_GB","og_type":"article","og_title":"Contacto - Jych","og_description":"CONTACTO Estamos listos para responder sus preguntas y conocer sus necesidades. Puede enviarnos un correo electr\u00f3nico, ll\u00e1menos o rellene este formulario y le atenderemos lo antes posible. N\u00fameros de tel\u00e9fono +34 952 90 50 28 +34 607 37 89 92 +34 647 74 02 34 +34 637 73 95 00 Email y direcci\u00f3n info@jych.es Muelle ... Read more","og_url":"https:\/\/jych.es\/en\/contacto\/","og_site_name":"Jych","article_modified_time":"2023-01-23T16:24:01+00:00","twitter_card":"summary_large_image","schema":{"@context":"https:\/\/schema.org","@graph":[{"@type":"WebPage","@id":"https:\/\/jych.es\/contacto\/","url":"https:\/\/jych.es\/contacto\/","name":"Contacto - Jych","isPartOf":{"@id":"https:\/\/jych.es\/#website"},"datePublished":"2023-01-09T12:15:26+00:00","dateModified":"2023-01-23T16:24:01+00:00","breadcrumb":{"@id":"https:\/\/jych.es\/contacto\/#breadcrumb"},"inLanguage":"en-GB","potentialAction":[{"@type":"ReadAction","target":["https:\/\/jych.es\/contacto\/"]}]},{"@type":"BreadcrumbList","@id":"https:\/\/jych.es\/contacto\/#breadcrumb","itemListElement":[{"@type":"ListItem","position":1,"name":"Portada","item":"https:\/\/jych.es\/"},{"@type":"ListItem","position":2,"name":"Contacto"}]},{"@type":"WebSite","@id":"https:\/\/jych.es\/#website","url":"https:\/\/jych.es\/","name":"Jych","description":"","publisher":{"@id":"https:\/\/jych.es\/#organization"},"potentialAction":[{"@type":"SearchAction","target":{"@type":"EntryPoint","urlTemplate":"https:\/\/jych.es\/?s={search_term_string}"},"query-input":{"@type":"PropertyValueSpecification","valueRequired":true,"valueName":"search_term_string"}}],"inLanguage":"en-GB"},{"@type":"Organization","@id":"https:\/\/jych.es\/#organization","name":"Jych","url":"https:\/\/jych.es\/","logo":{"@type":"ImageObject","inLanguage":"en-GB","@id":"https:\/\/jych.es\/#\/schema\/logo\/image\/","url":"https:\/\/jych.es\/wp-content\/uploads\/2023\/01\/jych.png","contentUrl":"https:\/\/jych.es\/wp-content\/uploads\/2023\/01\/jych.png","width":200,"height":200,"caption":"Jych"},"image":{"@id":"https:\/\/jych.es\/#\/schema\/logo\/image\/"}}]}},"_links":{"self":[{"href":"https:\/\/jych.es\/en\/wp-json\/wp\/v2\/pages\/44","targetHints":{"allow":["GET"]}}],"collection":[{"href":"https:\/\/jych.es\/en\/wp-json\/wp\/v2\/pages"}],"about":[{"href":"https:\/\/jych.es\/en\/wp-json\/wp\/v2\/types\/page"}],"author":[{"embeddable":true,"href":"https:\/\/jych.es\/en\/wp-json\/wp\/v2\/users\/1"}],"replies":[{"embeddable":true,"href":"https:\/\/jych.es\/en\/wp-json\/wp\/v2\/comments?post=44"}],"version-history":[{"count":10,"href":"https:\/\/jych.es\/en\/wp-json\/wp\/v2\/pages\/44\/revisions"}],"predecessor-version":[{"id":500,"href":"https:\/\/jych.es\/en\/wp-json\/wp\/v2\/pages\/44\/revisions\/500"}],"wp:attachment":[{"href":"https:\/\/jych.es\/en\/wp-json\/wp\/v2\/media?parent=44"}],"curies":[{"name":"wp","href":"https:\/\/api.w.org\/{rel}","templated":true}]}}